{"id":24,"date":"2023-05-12T16:22:47","date_gmt":"2023-05-12T16:22:47","guid":{"rendered":"https:\/\/epmapas.gob.ec\/wp\/?page_id=24"},"modified":"2025-06-27T16:11:27","modified_gmt":"2025-06-27T16:11:27","slug":"contactenos","status":"publish","type":"page","link":"https:\/\/epmapas.gob.ec\/wp\/contactenos\/","title":{"rendered":"Cont\u00e1ctanos"},"content":{"rendered":"\n\n<style>\n.contacto-info {\n    max-width: auto;\n    margin: 10px auto;\n    background-color: #ffffff;\n    padding: 10px;\n    border-radius: 12px;\n    box-shadow: 0 0 15px rgba(0, 0, 0, 0.15);\n    text-align: center;\n    font-family: 'Segoe UI', sans-serif;\n}\n\n.contacto-info h2 {\n    color: #007bff;\n    margin-bottom: 10px;\n}\n\n.contacto-info p {\n    color: #333;\n    margin-bottom: 30px;\n    font-size: 16px;\n}\n\n.informacion-contacto {\n    display: grid;\n    grid-template-columns: repeat(auto-fit, minmax(180px, 1fr));\n    gap: 10px;\n}\n\n.info-item {\n    background-color: #f0f9ff;\n    padding: 20px;\n    border-radius: 10px;\n    transition: transform 0.3s ease;\n    border: 1px solid #cce5ff;\n}\n\n.info-item:hover {\n    transform: translateY(-5px);\n}\n\n.info-item i {\n    font-size: 30px;\n    color: #007bff;\n    margin-bottom: 10px;\n}\n\n.info-item h4 {\n    font-size: 20px;\n    margin: 10px 0 5px;\n    color: #0056b3;\n}\n\n.info-item p {\n    margin: 0;\n    color: #333;\n    font-size: 15px;\n}\n<\/style>\n\n<link rel=\"stylesheet\" href=\"https:\/\/cdnjs.cloudflare.com\/ajax\/libs\/font-awesome\/6.5.0\/css\/all.min.css\" \/>\n\n<section class=\"contacto-info\">\n    <h2>Cont\u00e1ctanos<\/h2>\n    <p>Estamos aqu\u00ed para ayudarte. Escr\u00edbenos o vis\u00edtanos.<\/p>\n\n    <div class=\"informacion-contacto\">\n        <div class=\"info-item\">\n            <i class=\"fas fa-envelope\"><\/i>\n            <h4>Correo<\/h4>\n            <p>info@epmapas.gob.ec<\/p>\n        <\/div>\n        <div class=\"info-item\">\n            <i class=\"fas fa-phone\"><\/i>\n            <h4>Tel\u00e9fono<\/h4>\n            <p>04 2024967<\/p>\n        <\/div>\n        <div class=\"info-item\">\n            <i class=\"fas fa-map-marker-alt\"><\/i>\n            <h4>Ubicaci\u00f3n<\/h4>\n            <p>Samborond\u00f3n, Calle 31 de Octubre y Bolivar<\/p>\n        <\/div>\n        <div class=\"info-item\">\n            <i class=\"fas fa-clock\"><\/i>\n            <h4>Horario<\/h4>\n            <p>Lunes a Viernes: <br> 8:00 &#8211; 16:30<\/p>\n        <\/div>\n    <\/div>\n<hr>\n<div>\n<div class=\"su-gmap su-u-responsive-media-yes\"><iframe loading=\"lazy\" width=\"600\" height=\"400\" src=\"\/\/maps.google.com\/maps?q=Empresa%20P%C3%BAblica%20Municipal%20de%20Agua%20Potable%20y%20Alcantarillado%20de%20Samborond%C3%B3n%20%28Epmapas%29&amp;output=embed&amp;z=15\" title=\"Empresa P\u00fablica Municipal de Agua Potable y Alcantarillado de Samborond\u00f3n (EPMAPAS)\"><\/iframe><\/div>\n<\/div>\n\n<\/section>\n\n\n\n<p><\/p>\n","protected":false},"excerpt":{"rendered":"<p>Cont\u00e1ctanos Estamos aqu\u00ed para ayudarte. Escr\u00edbenos o vis\u00edtanos. Correo info@epmapas.gob.ec Tel\u00e9fono 04 2024967 Ubicaci\u00f3n Samborond\u00f3n, Calle 31 de Octubre y Bolivar Horario Lunes a Viernes: 8:00 &#8211; 16:30<\/p>\n","protected":false},"author":1,"featured_media":0,"parent":0,"menu_order":0,"comment_status":"closed","ping_status":"closed","template":"","meta":{"footnotes":""},"class_list":["post-24","page","type-page","status-publish","hentry"],"_links":{"self":[{"href":"https:\/\/epmapas.gob.ec\/wp\/wp-json\/wp\/v2\/pages\/24","targetHints":{"allow":["GET"]}}],"collection":[{"href":"https:\/\/epmapas.gob.ec\/wp\/wp-json\/wp\/v2\/pages"}],"about":[{"href":"https:\/\/epmapas.gob.ec\/wp\/wp-json\/wp\/v2\/types\/page"}],"author":[{"embeddable":true,"href":"https:\/\/epmapas.gob.ec\/wp\/wp-json\/wp\/v2\/users\/1"}],"replies":[{"embeddable":true,"href":"https:\/\/epmapas.gob.ec\/wp\/wp-json\/wp\/v2\/comments?post=24"}],"version-history":[{"count":18,"href":"https:\/\/epmapas.gob.ec\/wp\/wp-json\/wp\/v2\/pages\/24\/revisions"}],"predecessor-version":[{"id":823,"href":"https:\/\/epmapas.gob.ec\/wp\/wp-json\/wp\/v2\/pages\/24\/revisions\/823"}],"wp:attachment":[{"href":"https:\/\/epmapas.gob.ec\/wp\/wp-json\/wp\/v2\/media?parent=24"}],"curies":[{"name":"wp","href":"https:\/\/api.w.org\/{rel}","templated":true}]}}